{"id":1090,"date":"2018-09-21T20:48:34","date_gmt":"2018-09-21T18:48:34","guid":{"rendered":"http:\/\/www.free-miners.ch\/?page_id=1090"},"modified":"2026-01-28T14:39:56","modified_gmt":"2026-01-28T13:39:56","slug":"goldwaschen-im-toesstal-bei-steg-im-chlital","status":"publish","type":"page","link":"http:\/\/www.free-miners.ch\/index.php\/goldwaschen-schweiz\/goldwaschen-im-toesstal-bei-steg-im-chlital\/","title":{"rendered":"Goldwaschen im T\u00f6sstal bei Steg im Chlital"},"content":{"rendered":"\n<p>Goldwaschen im T\u00f6sstal bei Steg im Chlital<\/p>\n\n\n\n<p>Wir haben unser Goldwaschcamp im T\u00f6sstal bei der Drechslerei im Chlital bei Steg.<br>Die Drechslerei und unser Goldwaschplatz befindet sich gleich neben dem Fuchslochbach.<\/p>\n\n\n\n<p>So findet man unser Goldcamp:<\/p>\n\n\n\n<p>Vom Bahnhof Steg im T\u00f6sstal, 8496 (Chlital) gehts zuerst flussaufw\u00e4rts der T\u00f6ss entlang. <\/p>\n\n\n\n<p><\/p>\n\n\n\n<p><\/p>\n\n\n\n<p>Start: Steg im T\u00f6sstal, Bahnhof, <\/p>\n\n\n\n<p>Auf Bahnhofstrasse nach S\u00fcdosten Richtung Aeschweg starten<\/p>\n\n\n\n<p>Nach 350 m Links abbiegen auf T\u00f6sstalstrasse\/Route 15<\/p>\n\n\n\n<p>Nach 120 m Links abbiegen auf Fischbach (Schilder nach Wattwil\/Wil)<\/p>\n\n\n\n<p>Nach 1.4 km rechts abbiegen, die Strasse nach unten zur Drechslerei. <\/p>\n\n\n\n<p>Hier ist unser Goldwasch Camp<\/p>\n\n\n\n<p>Free-Miners Abenteuer Goldwaschen Schweiz<\/p>\n\n\n\n<p>Chlital 3<\/p>\n\n\n\n<figure class=\"wp-block-image size-large\"><img loading=\"lazy\" decoding=\"async\" width=\"1024\" height=\"673\" src=\"https:\/\/www.free-miners.ch\/wp-content\/uploads\/2024\/07\/FunnyScreenshot_20240701-072353-1024x673.png\" alt=\"\" class=\"wp-image-2255\" srcset=\"http:\/\/www.free-miners.ch\/wp-content\/uploads\/2024\/07\/FunnyScreenshot_20240701-072353-1024x673.png 1024w, http:\/\/www.free-miners.ch\/wp-content\/uploads\/2024\/07\/FunnyScreenshot_20240701-072353-300x197.png 300w, http:\/\/www.free-miners.ch\/wp-content\/uploads\/2024\/07\/FunnyScreenshot_20240701-072353-768x505.png 768w, http:\/\/www.free-miners.ch\/wp-content\/uploads\/2024\/07\/FunnyScreenshot_20240701-072353-676x444.png 676w, http:\/\/www.free-miners.ch\/wp-content\/uploads\/2024\/07\/FunnyScreenshot_20240701-072353-600x394.png 600w, http:\/\/www.free-miners.ch\/wp-content\/uploads\/2024\/07\/FunnyScreenshot_20240701-072353.png 1067w\" sizes=\"auto, (max-width: 1024px) 100vw, 1024px\" \/><\/figure>\n\n\n\n<iframe src=\"https:\/\/www.google.com\/maps\/embed?pb=!1m18!1m12!1m3!1d2703.226967588144!2d8.95039081562154!3d47.34896657916829!2m3!1f0!2f0!3f0!3m2!1i1024!2i768!4f13.1!3m3!1m2!1s0x479ac1c89b641ed7%3A0x568001960c4519e7!2sFree-Miners%20Abenteuer%20Goldwaschen%20Schweiz!5e0!3m2!1sde!2sch!4v1632811354564!5m2!1sde!2sch\" width=\"600\" height=\"450\" style=\"border:0;\" allowfullscreen=\"\" loading=\"lazy\"><\/iframe>\n\n\n\n<p><\/p>\n\n\n<p>Zu Fuss erreicht man die Drechslerei im ca. 15min.<\/p>\n<p>Bei der Strasse sieht man diese Beschilderung, wenn man mit dem Auto f\u00e4hrt, kann man die Tafel \u00fcbersehen.<\/p>\n<p><img loading=\"lazy\" decoding=\"async\" class=\"alignnone size-medium wp-image-1094\" src=\"http:\/\/www.free-miners.ch\/wp-content\/uploads\/2018\/09\/DSC3082-300x200.jpg\" alt=\"\" width=\"300\" height=\"200\" srcset=\"http:\/\/www.free-miners.ch\/wp-content\/uploads\/2018\/09\/DSC3082-300x200.jpg 300w, http:\/\/www.free-miners.ch\/wp-content\/uploads\/2018\/09\/DSC3082-600x401.jpg 600w, http:\/\/www.free-miners.ch\/wp-content\/uploads\/2018\/09\/DSC3082-768x513.jpg 768w, http:\/\/www.free-miners.ch\/wp-content\/uploads\/2018\/09\/DSC3082-1024x684.jpg 1024w, http:\/\/www.free-miners.ch\/wp-content\/uploads\/2018\/09\/DSC3082-676x452.jpg 676w, http:\/\/www.free-miners.ch\/wp-content\/uploads\/2018\/09\/DSC3082.jpg 1616w\" sizes=\"auto, (max-width: 300px) 100vw, 300px\" \/><\/p>\n<p><img loading=\"lazy\" decoding=\"async\" class=\"alignnone size-medium wp-image-1093\" src=\"http:\/\/www.free-miners.ch\/wp-content\/uploads\/2018\/09\/DSC3083-1-300x200.jpg\" alt=\"\" width=\"300\" height=\"200\" srcset=\"http:\/\/www.free-miners.ch\/wp-content\/uploads\/2018\/09\/DSC3083-1-300x200.jpg 300w, http:\/\/www.free-miners.ch\/wp-content\/uploads\/2018\/09\/DSC3083-1-600x401.jpg 600w, http:\/\/www.free-miners.ch\/wp-content\/uploads\/2018\/09\/DSC3083-1-768x513.jpg 768w, http:\/\/www.free-miners.ch\/wp-content\/uploads\/2018\/09\/DSC3083-1-1024x684.jpg 1024w, http:\/\/www.free-miners.ch\/wp-content\/uploads\/2018\/09\/DSC3083-1-676x452.jpg 676w, http:\/\/www.free-miners.ch\/wp-content\/uploads\/2018\/09\/DSC3083-1.jpg 1616w\" sizes=\"auto, (max-width: 300px) 100vw, 300px\" \/><\/p>\n<p>Free Miners<br \/>Drechslerei im T\u00f6sstal<br \/>8496 Fischenthal<\/p>\n<\/p>\n\n\n<figure class=\"wp-block-image\"><img loading=\"lazy\" decoding=\"async\" width=\"700\" height=\"467\" src=\"http:\/\/www.free-miners.ch\/wp-content\/uploads\/2017\/06\/MG_3636__.jpg\" alt=\"\" class=\"wp-image-802\" srcset=\"http:\/\/www.free-miners.ch\/wp-content\/uploads\/2017\/06\/MG_3636__.jpg 700w, http:\/\/www.free-miners.ch\/wp-content\/uploads\/2017\/06\/MG_3636__-600x400.jpg 600w, http:\/\/www.free-miners.ch\/wp-content\/uploads\/2017\/06\/MG_3636__-300x200.jpg 300w, http:\/\/www.free-miners.ch\/wp-content\/uploads\/2017\/06\/MG_3636__-676x451.jpg 676w\" sizes=\"auto, (max-width: 700px) 100vw, 700px\" \/><\/figure>\n\n\n\n\n\n<figure class=\"wp-block-embed is-type-wp-embed is-provider-free-miners wp-block-embed-free-miners\"><div class=\"wp-block-embed__wrapper\">\n<blockquote class=\"wp-embedded-content\" data-secret=\"dYmYHMVzgG\"><a href=\"https:\/\/www.free-miners.ch\/index.php\/kursdaten\/\">Kursdaten &#8211; Metalldetektor-Schatzsuche &#038; Goldwasch Kurse<\/a><\/blockquote><iframe loading=\"lazy\" class=\"wp-embedded-content\" sandbox=\"allow-scripts\" security=\"restricted\" style=\"position: absolute; visibility: hidden;\" title=\"&#8222;Kursdaten &#8211; Metalldetektor-Schatzsuche &#038; Goldwasch Kurse&#8220; &#8211; Free-Miners\" src=\"https:\/\/www.free-miners.ch\/index.php\/kursdaten\/embed\/#?secret=6Af6mbYOce#?secret=dYmYHMVzgG\" data-secret=\"dYmYHMVzgG\" width=\"600\" height=\"338\" frameborder=\"0\" marginwidth=\"0\" marginheight=\"0\" scrolling=\"no\"><\/iframe>\n<\/div><\/figure>\n\n\n\n<figure class=\"wp-block-embed is-type-wp-embed is-provider-free-miners wp-block-embed-free-miners\"><div class=\"wp-block-embed__wrapper\">\n<blockquote class=\"wp-embedded-content\" data-secret=\"10ciAGaPah\"><a href=\"https:\/\/www.free-miners.ch\/index.php\/goldwaschen-schweiz\/\">Goldwaschen Schweiz<\/a><\/blockquote><iframe loading=\"lazy\" class=\"wp-embedded-content\" sandbox=\"allow-scripts\" security=\"restricted\" style=\"position: absolute; visibility: hidden;\" title=\"&#8222;Goldwaschen Schweiz&#8220; &#8211; Free-Miners\" src=\"https:\/\/www.free-miners.ch\/index.php\/goldwaschen-schweiz\/embed\/#?secret=zpOGo4Cp6H#?secret=10ciAGaPah\" data-secret=\"10ciAGaPah\" width=\"600\" height=\"338\" frameborder=\"0\" marginwidth=\"0\" marginheight=\"0\" scrolling=\"no\"><\/iframe>\n<\/div><\/figure>\n\n\n\n<figure class=\"wp-block-embed is-type-wp-embed is-provider-free-miners wp-block-embed-free-miners\"><div class=\"wp-block-embed__wrapper\">\n<blockquote class=\"wp-embedded-content\" data-secret=\"vL1RfQ8kaw\"><a href=\"https:\/\/www.free-miners.ch\/index.php\/ueber-uns\/\">\u00dcber uns &#8211; Kontakt<\/a><\/blockquote><iframe loading=\"lazy\" class=\"wp-embedded-content\" sandbox=\"allow-scripts\" security=\"restricted\" style=\"position: absolute; visibility: hidden;\" title=\"&#8222;\u00dcber uns &#8211; Kontakt&#8220; &#8211; Free-Miners\" src=\"https:\/\/www.free-miners.ch\/index.php\/ueber-uns\/embed\/#?secret=YQjdENJf4W#?secret=vL1RfQ8kaw\" data-secret=\"vL1RfQ8kaw\" width=\"600\" height=\"338\" frameborder=\"0\" marginwidth=\"0\" marginheight=\"0\" scrolling=\"no\"><\/iframe>\n<\/div><\/figure>\n","protected":false},"excerpt":{"rendered":"<p>Goldwaschen im T\u00f6sstal bei Steg im Chlital Wir haben unser Goldwaschcamp im T\u00f6sstal bei der Drechslerei im Chlital bei Steg.Die Drechslerei und unser Goldwaschplatz befindet sich gleich neben dem Fuchslochbach. So findet man unser Goldcamp: Vom Bahnhof Steg im T\u00f6sstal, 8496 (Chlital) gehts zuerst flussaufw\u00e4rts der T\u00f6ss entlang. Start: Steg im T\u00f6sstal, Bahnhof, Auf Bahnhofstrasse [&hellip;]<\/p>\n","protected":false},"author":1,"featured_media":0,"parent":6,"menu_order":0,"comment_status":"closed","ping_status":"closed","template":"","meta":{"footnotes":""},"class_list":["post-1090","page","type-page","status-publish","hentry","post-preview"],"_links":{"self":[{"href":"http:\/\/www.free-miners.ch\/index.php\/wp-json\/wp\/v2\/pages\/1090","targetHints":{"allow":["GET"]}}],"collection":[{"href":"http:\/\/www.free-miners.ch\/index.php\/wp-json\/wp\/v2\/pages"}],"about":[{"href":"http:\/\/www.free-miners.ch\/index.php\/wp-json\/wp\/v2\/types\/page"}],"author":[{"embeddable":true,"href":"http:\/\/www.free-miners.ch\/index.php\/wp-json\/wp\/v2\/users\/1"}],"replies":[{"embeddable":true,"href":"http:\/\/www.free-miners.ch\/index.php\/wp-json\/wp\/v2\/comments?post=1090"}],"version-history":[{"count":12,"href":"http:\/\/www.free-miners.ch\/index.php\/wp-json\/wp\/v2\/pages\/1090\/revisions"}],"predecessor-version":[{"id":2385,"href":"http:\/\/www.free-miners.ch\/index.php\/wp-json\/wp\/v2\/pages\/1090\/revisions\/2385"}],"up":[{"embeddable":true,"href":"http:\/\/www.free-miners.ch\/index.php\/wp-json\/wp\/v2\/pages\/6"}],"wp:attachment":[{"href":"http:\/\/www.free-miners.ch\/index.php\/wp-json\/wp\/v2\/media?parent=1090"}],"curies":[{"name":"wp","href":"https:\/\/api.w.org\/{rel}","templated":true}]}}