{"id":1124,"date":"2019-02-24T07:08:42","date_gmt":"2019-02-24T06:08:42","guid":{"rendered":"http:\/\/www.free-miners.ch\/?page_id=1124"},"modified":"2026-01-28T17:01:09","modified_gmt":"2026-01-28T16:01:09","slug":"goldwaschen-schweiz-3","status":"publish","type":"page","link":"http:\/\/www.free-miners.ch\/index.php\/goldwaschen-schweiz-3\/","title":{"rendered":"Goldwaschen Schweiz"},"content":{"rendered":"<p>Ein heute noch m\u00f6gliches Abenteuer<\/p>\n<p>In der Schweiz wird seit langem Gold gewaschen.<br \/>F\u00fcr viel Goldw\u00e4scher ist nicht der Goldwert der Reiz dazu, sondern das Abenteuer Goldwaschen an sich in der Natur.<\/p>\n<p>Gold kennt mal als seltenes Metall, genau so ist es. Selten findet man beim Goldwaschen Gold-Nuggets, meisten Goldstaub oder eine kleine \u201ePrise\u201c Naturgold in der Gr\u00f6sse von einem oder ein paar Millimeter langen Goldflitter.<br \/>Die Goldflitter sind durch die Steine im Flusslauf flach gewalzt worden.<br \/>Wir sehen das Goldwaschen als Abenteuer und Entspannung in der Natur.<\/p>\n<p>Es heisst wieder \u201eGoldwaschen live und pur\u201c!\u00a0<\/p>\n<p>Goldwaschen f\u00fcr alle, die Natur- und Lagerfeuerromantik lieben. Etwas vom feinen f\u00fcr jede Frau und jedermann. Zusammen in der Natur sein, das Wasserrauschen h\u00f6ren, die frische Luft geniessen, grillieren am Feuer mit Gitarrenmusik.<br \/>Zusammensitzen und zusammen entspannen vom hektischen Alltag unserer Zeit. Wir erz\u00e4hlen interessante Goldw\u00e4scher Geschichten, aktuelle und solche aus l\u00e4ngst vergangenen Zeiten&#8230;<\/p>\n<p>Zu Beginn erz\u00e4hle ich \u00fcber die Geschichte vom Gold und Goldwaschen. Danach erkl\u00e4re ich wie das Goldwaschen funktioniert, mit welcher Technik wir arbeiten.<br \/>Wir suchen nach Gold mithilfe von Schaufel, Goldwaschkanal und danach mit der Goldpfanne.\u00a0<\/p>\n<p>Trotz des verlockenden Duftes der auf dem Grill brutzelnden Wurst, werdet ihr die Goldwaschpfanne kaum aus den H\u00e4nden legen. Glitzerte da nicht etwas Goldenes in der Sonne? Die Zeit vergeht wie im Flug, doch wir werden gemeinsam die Zeit beim Goldwaschen geniessen. Das Gold ist sicher ein Highlight, doch die Natur und alles herum ist auch ein Highlight zum Geniessen &amp; entspannen. Goldwaschen mit grillieren, dazu Musik von Markus mit seiner Gitarre.<\/p>\n<div id=\"metaslider-id-293\" style=\"width: 100%; margin: 0 auto;\" class=\"ml-slider-3-92-0 metaslider metaslider-flex metaslider-293 ml-slider ms-theme-default\" role=\"region\" aria-roledescription=\"Slideshow\" aria-label=\"Goldwaschen Schweiz Slider\">\n    <div id=\"metaslider_container_293\">\n        <div id=\"metaslider_293\">\n            <ul class='slides'>\n                <li style=\"display: block; width: 100%;\" class=\"slide-361 ms-image \" aria-roledescription=\"slide\" aria-label=\"slide-361\"><img loading=\"lazy\" decoding=\"async\" width=\"2000\" height=\"1333\" src=\"http:\/\/www.free-miners.ch\/wp-content\/uploads\/2016\/07\/MG_3635.jpg\" class=\"slider-293 slide-361\" alt=\"\" rel=\"\" title=\"\" srcset=\"http:\/\/www.free-miners.ch\/wp-content\/uploads\/2016\/07\/MG_3635.jpg 2000w, http:\/\/www.free-miners.ch\/wp-content\/uploads\/2016\/07\/MG_3635-600x400.jpg 600w, http:\/\/www.free-miners.ch\/wp-content\/uploads\/2016\/07\/MG_3635-300x200.jpg 300w, http:\/\/www.free-miners.ch\/wp-content\/uploads\/2016\/07\/MG_3635-768x512.jpg 768w, http:\/\/www.free-miners.ch\/wp-content\/uploads\/2016\/07\/MG_3635-1024x682.jpg 1024w, http:\/\/www.free-miners.ch\/wp-content\/uploads\/2016\/07\/MG_3635-676x451.jpg 676w\" sizes=\"auto, (max-width: 2000px) 100vw, 2000px\" \/><\/li>\n                <li style=\"display: none; width: 100%;\" class=\"slide-297 ms-image \" aria-roledescription=\"slide\" aria-label=\"slide-297\"><img loading=\"lazy\" decoding=\"async\" width=\"2000\" height=\"1333\" src=\"http:\/\/www.free-miners.ch\/wp-content\/uploads\/2016\/07\/MG_3640.jpg\" class=\"slider-293 slide-297\" alt=\"\" rel=\"\" title=\"\" srcset=\"http:\/\/www.free-miners.ch\/wp-content\/uploads\/2016\/07\/MG_3640.jpg 2000w, http:\/\/www.free-miners.ch\/wp-content\/uploads\/2016\/07\/MG_3640-600x400.jpg 600w, http:\/\/www.free-miners.ch\/wp-content\/uploads\/2016\/07\/MG_3640-300x200.jpg 300w, http:\/\/www.free-miners.ch\/wp-content\/uploads\/2016\/07\/MG_3640-768x512.jpg 768w, http:\/\/www.free-miners.ch\/wp-content\/uploads\/2016\/07\/MG_3640-1024x682.jpg 1024w, http:\/\/www.free-miners.ch\/wp-content\/uploads\/2016\/07\/MG_3640-676x451.jpg 676w\" sizes=\"auto, (max-width: 2000px) 100vw, 2000px\" \/><\/li>\n                <li style=\"display: none; width: 100%;\" class=\"slide-299 ms-image \" aria-roledescription=\"slide\" aria-label=\"slide-299\"><img loading=\"lazy\" decoding=\"async\" width=\"2000\" height=\"1218\" src=\"http:\/\/www.free-miners.ch\/wp-content\/uploads\/2016\/07\/MG_3647.jpg\" class=\"slider-293 slide-299\" alt=\"\" rel=\"\" title=\"\" srcset=\"http:\/\/www.free-miners.ch\/wp-content\/uploads\/2016\/07\/MG_3647.jpg 2000w, http:\/\/www.free-miners.ch\/wp-content\/uploads\/2016\/07\/MG_3647-600x365.jpg 600w, http:\/\/www.free-miners.ch\/wp-content\/uploads\/2016\/07\/MG_3647-300x183.jpg 300w, http:\/\/www.free-miners.ch\/wp-content\/uploads\/2016\/07\/MG_3647-768x468.jpg 768w, http:\/\/www.free-miners.ch\/wp-content\/uploads\/2016\/07\/MG_3647-1024x624.jpg 1024w, http:\/\/www.free-miners.ch\/wp-content\/uploads\/2016\/07\/MG_3647-676x412.jpg 676w\" sizes=\"auto, (max-width: 2000px) 100vw, 2000px\" \/><\/li>\n                <li style=\"display: none; width: 100%;\" class=\"slide-301 ms-image \" aria-roledescription=\"slide\" aria-label=\"slide-301\"><img loading=\"lazy\" decoding=\"async\" width=\"2000\" height=\"1333\" src=\"http:\/\/www.free-miners.ch\/wp-content\/uploads\/2016\/07\/MG_3649.jpg\" class=\"slider-293 slide-301\" alt=\"\" rel=\"\" title=\"\" srcset=\"http:\/\/www.free-miners.ch\/wp-content\/uploads\/2016\/07\/MG_3649.jpg 2000w, http:\/\/www.free-miners.ch\/wp-content\/uploads\/2016\/07\/MG_3649-600x400.jpg 600w, http:\/\/www.free-miners.ch\/wp-content\/uploads\/2016\/07\/MG_3649-300x200.jpg 300w, http:\/\/www.free-miners.ch\/wp-content\/uploads\/2016\/07\/MG_3649-768x512.jpg 768w, http:\/\/www.free-miners.ch\/wp-content\/uploads\/2016\/07\/MG_3649-1024x682.jpg 1024w, http:\/\/www.free-miners.ch\/wp-content\/uploads\/2016\/07\/MG_3649-676x451.jpg 676w\" sizes=\"auto, (max-width: 2000px) 100vw, 2000px\" \/><\/li>\n                <li style=\"display: none; width: 100%;\" class=\"slide-303 ms-image \" aria-roledescription=\"slide\" aria-label=\"slide-303\"><img loading=\"lazy\" decoding=\"async\" width=\"2000\" height=\"1333\" src=\"http:\/\/www.free-miners.ch\/wp-content\/uploads\/2016\/07\/MG_3651.jpg\" class=\"slider-293 slide-303\" alt=\"\" rel=\"\" title=\"\" srcset=\"http:\/\/www.free-miners.ch\/wp-content\/uploads\/2016\/07\/MG_3651.jpg 2000w, http:\/\/www.free-miners.ch\/wp-content\/uploads\/2016\/07\/MG_3651-600x400.jpg 600w, http:\/\/www.free-miners.ch\/wp-content\/uploads\/2016\/07\/MG_3651-300x200.jpg 300w, http:\/\/www.free-miners.ch\/wp-content\/uploads\/2016\/07\/MG_3651-768x512.jpg 768w, http:\/\/www.free-miners.ch\/wp-content\/uploads\/2016\/07\/MG_3651-1024x682.jpg 1024w, http:\/\/www.free-miners.ch\/wp-content\/uploads\/2016\/07\/MG_3651-676x451.jpg 676w\" sizes=\"auto, (max-width: 2000px) 100vw, 2000px\" \/><\/li>\n                <li style=\"display: none; width: 100%;\" class=\"slide-308 ms-image \" aria-roledescription=\"slide\" aria-label=\"slide-308\"><img loading=\"lazy\" decoding=\"async\" width=\"2000\" height=\"1125\" src=\"http:\/\/www.free-miners.ch\/wp-content\/uploads\/2016\/07\/MG_3664.jpg\" class=\"slider-293 slide-308\" alt=\"\" rel=\"\" title=\"\" srcset=\"http:\/\/www.free-miners.ch\/wp-content\/uploads\/2016\/07\/MG_3664.jpg 2000w, http:\/\/www.free-miners.ch\/wp-content\/uploads\/2016\/07\/MG_3664-600x338.jpg 600w, http:\/\/www.free-miners.ch\/wp-content\/uploads\/2016\/07\/MG_3664-300x169.jpg 300w, http:\/\/www.free-miners.ch\/wp-content\/uploads\/2016\/07\/MG_3664-768x432.jpg 768w, http:\/\/www.free-miners.ch\/wp-content\/uploads\/2016\/07\/MG_3664-1024x576.jpg 1024w, http:\/\/www.free-miners.ch\/wp-content\/uploads\/2016\/07\/MG_3664-676x380.jpg 676w\" sizes=\"auto, (max-width: 2000px) 100vw, 2000px\" \/><\/li>\n                <li style=\"display: none; width: 100%;\" class=\"slide-305 ms-image \" aria-roledescription=\"slide\" aria-label=\"slide-305\"><img loading=\"lazy\" decoding=\"async\" width=\"2000\" height=\"1333\" src=\"http:\/\/www.free-miners.ch\/wp-content\/uploads\/2016\/07\/MG_3655.jpg\" class=\"slider-293 slide-305\" alt=\"\" rel=\"\" title=\"\" srcset=\"http:\/\/www.free-miners.ch\/wp-content\/uploads\/2016\/07\/MG_3655.jpg 2000w, http:\/\/www.free-miners.ch\/wp-content\/uploads\/2016\/07\/MG_3655-600x400.jpg 600w, http:\/\/www.free-miners.ch\/wp-content\/uploads\/2016\/07\/MG_3655-300x200.jpg 300w, http:\/\/www.free-miners.ch\/wp-content\/uploads\/2016\/07\/MG_3655-768x512.jpg 768w, http:\/\/www.free-miners.ch\/wp-content\/uploads\/2016\/07\/MG_3655-1024x682.jpg 1024w, http:\/\/www.free-miners.ch\/wp-content\/uploads\/2016\/07\/MG_3655-676x451.jpg 676w\" sizes=\"auto, (max-width: 2000px) 100vw, 2000px\" \/><\/li>\n                <li style=\"display: none; width: 100%;\" class=\"slide-316 ms-image \" aria-roledescription=\"slide\" aria-label=\"slide-316\"><img loading=\"lazy\" decoding=\"async\" width=\"2000\" height=\"1333\" src=\"http:\/\/www.free-miners.ch\/wp-content\/uploads\/2016\/07\/MG_3672.jpg\" class=\"slider-293 slide-316\" alt=\"\" rel=\"\" title=\"\" srcset=\"http:\/\/www.free-miners.ch\/wp-content\/uploads\/2016\/07\/MG_3672.jpg 2000w, http:\/\/www.free-miners.ch\/wp-content\/uploads\/2016\/07\/MG_3672-600x400.jpg 600w, http:\/\/www.free-miners.ch\/wp-content\/uploads\/2016\/07\/MG_3672-300x200.jpg 300w, http:\/\/www.free-miners.ch\/wp-content\/uploads\/2016\/07\/MG_3672-768x512.jpg 768w, http:\/\/www.free-miners.ch\/wp-content\/uploads\/2016\/07\/MG_3672-1024x682.jpg 1024w, http:\/\/www.free-miners.ch\/wp-content\/uploads\/2016\/07\/MG_3672-676x451.jpg 676w\" sizes=\"auto, (max-width: 2000px) 100vw, 2000px\" \/><\/li>\n                <li style=\"display: none; width: 100%;\" class=\"slide-322 ms-image \" aria-roledescription=\"slide\" aria-label=\"slide-322\"><img loading=\"lazy\" decoding=\"async\" width=\"2000\" height=\"1333\" src=\"http:\/\/www.free-miners.ch\/wp-content\/uploads\/2016\/07\/MG_3674.jpg\" class=\"slider-293 slide-322\" alt=\"\" rel=\"\" title=\"\" srcset=\"http:\/\/www.free-miners.ch\/wp-content\/uploads\/2016\/07\/MG_3674.jpg 2000w, http:\/\/www.free-miners.ch\/wp-content\/uploads\/2016\/07\/MG_3674-600x400.jpg 600w, http:\/\/www.free-miners.ch\/wp-content\/uploads\/2016\/07\/MG_3674-300x200.jpg 300w, http:\/\/www.free-miners.ch\/wp-content\/uploads\/2016\/07\/MG_3674-768x512.jpg 768w, http:\/\/www.free-miners.ch\/wp-content\/uploads\/2016\/07\/MG_3674-1024x682.jpg 1024w, http:\/\/www.free-miners.ch\/wp-content\/uploads\/2016\/07\/MG_3674-676x451.jpg 676w\" sizes=\"auto, (max-width: 2000px) 100vw, 2000px\" \/><\/li>\n                <li style=\"display: none; width: 100%;\" class=\"slide-324 ms-image \" aria-roledescription=\"slide\" aria-label=\"slide-324\"><img loading=\"lazy\" decoding=\"async\" width=\"2000\" height=\"1333\" src=\"http:\/\/www.free-miners.ch\/wp-content\/uploads\/2016\/07\/MG_3676.jpg\" class=\"slider-293 slide-324\" alt=\"\" rel=\"\" title=\"\" srcset=\"http:\/\/www.free-miners.ch\/wp-content\/uploads\/2016\/07\/MG_3676.jpg 2000w, http:\/\/www.free-miners.ch\/wp-content\/uploads\/2016\/07\/MG_3676-600x400.jpg 600w, http:\/\/www.free-miners.ch\/wp-content\/uploads\/2016\/07\/MG_3676-300x200.jpg 300w, http:\/\/www.free-miners.ch\/wp-content\/uploads\/2016\/07\/MG_3676-768x512.jpg 768w, http:\/\/www.free-miners.ch\/wp-content\/uploads\/2016\/07\/MG_3676-1024x682.jpg 1024w, http:\/\/www.free-miners.ch\/wp-content\/uploads\/2016\/07\/MG_3676-676x451.jpg 676w\" sizes=\"auto, (max-width: 2000px) 100vw, 2000px\" \/><\/li>\n                <li style=\"display: none; width: 100%;\" class=\"slide-327 ms-image \" aria-roledescription=\"slide\" aria-label=\"slide-327\"><img loading=\"lazy\" decoding=\"async\" width=\"2000\" height=\"1333\" src=\"http:\/\/www.free-miners.ch\/wp-content\/uploads\/2016\/07\/MG_3684.jpg\" class=\"slider-293 slide-327\" alt=\"\" rel=\"\" title=\"\" srcset=\"http:\/\/www.free-miners.ch\/wp-content\/uploads\/2016\/07\/MG_3684.jpg 2000w, http:\/\/www.free-miners.ch\/wp-content\/uploads\/2016\/07\/MG_3684-600x400.jpg 600w, http:\/\/www.free-miners.ch\/wp-content\/uploads\/2016\/07\/MG_3684-300x200.jpg 300w, http:\/\/www.free-miners.ch\/wp-content\/uploads\/2016\/07\/MG_3684-768x512.jpg 768w, http:\/\/www.free-miners.ch\/wp-content\/uploads\/2016\/07\/MG_3684-1024x682.jpg 1024w, http:\/\/www.free-miners.ch\/wp-content\/uploads\/2016\/07\/MG_3684-676x451.jpg 676w\" sizes=\"auto, (max-width: 2000px) 100vw, 2000px\" \/><\/li>\n                <li style=\"display: none; width: 100%;\" class=\"slide-329 ms-image \" aria-roledescription=\"slide\" aria-label=\"slide-329\"><img loading=\"lazy\" decoding=\"async\" width=\"2000\" height=\"1333\" src=\"http:\/\/www.free-miners.ch\/wp-content\/uploads\/2016\/07\/MG_3687.jpg\" class=\"slider-293 slide-329\" alt=\"\" rel=\"\" title=\"\" srcset=\"http:\/\/www.free-miners.ch\/wp-content\/uploads\/2016\/07\/MG_3687.jpg 2000w, http:\/\/www.free-miners.ch\/wp-content\/uploads\/2016\/07\/MG_3687-600x400.jpg 600w, http:\/\/www.free-miners.ch\/wp-content\/uploads\/2016\/07\/MG_3687-300x200.jpg 300w, http:\/\/www.free-miners.ch\/wp-content\/uploads\/2016\/07\/MG_3687-768x512.jpg 768w, http:\/\/www.free-miners.ch\/wp-content\/uploads\/2016\/07\/MG_3687-1024x682.jpg 1024w, http:\/\/www.free-miners.ch\/wp-content\/uploads\/2016\/07\/MG_3687-676x451.jpg 676w\" sizes=\"auto, (max-width: 2000px) 100vw, 2000px\" \/><\/li>\n                <li style=\"display: none; width: 100%;\" class=\"slide-333 ms-image \" aria-roledescription=\"slide\" aria-label=\"slide-333\"><img loading=\"lazy\" decoding=\"async\" width=\"2560\" height=\"1707\" src=\"http:\/\/www.free-miners.ch\/wp-content\/uploads\/2016\/07\/MG_3694-scaled.jpg\" class=\"slider-293 slide-333\" alt=\"\" rel=\"\" title=\"\" srcset=\"http:\/\/www.free-miners.ch\/wp-content\/uploads\/2016\/07\/MG_3694-scaled.jpg 2560w, http:\/\/www.free-miners.ch\/wp-content\/uploads\/2016\/07\/MG_3694-600x400.jpg 600w, http:\/\/www.free-miners.ch\/wp-content\/uploads\/2016\/07\/MG_3694-300x200.jpg 300w, http:\/\/www.free-miners.ch\/wp-content\/uploads\/2016\/07\/MG_3694-768x512.jpg 768w, http:\/\/www.free-miners.ch\/wp-content\/uploads\/2016\/07\/MG_3694-1024x683.jpg 1024w, http:\/\/www.free-miners.ch\/wp-content\/uploads\/2016\/07\/MG_3694-676x451.jpg 676w\" sizes=\"auto, (max-width: 2560px) 100vw, 2560px\" \/><\/li>\n            <\/ul>\n        <\/div>\n        \n    <\/div>\n<\/div>\n<p>Erlebt hautnah das Erlebnis echtes Naturgold zu finden, das Abenteuer Goldwaschen<\/p>\n<p>Willst du lernen wie man nach Gold sucht, Gold w\u00e4scht? Dann bist du bei uns Goldrichtig.<br \/>Wir haben \u00fcber 30 Jahren Goldwascherfahrung.\u00a0<\/p>\n<p>Im Sommer bieten wir Goldwaschkurse in der Natur an.<br \/>Firmen-Event, Gruppenausflug, Schulen, Vereine, Kindergeburtstag, Show-Event, Einzel\/Private Kurse m\u00f6glich.<\/p>\n<p>Hier gehts zu den offen Kurstagen, speziell f\u00fcr Einzelpersonen und kleinere Gruppen. Link zu denn offene Kurs Daten<br \/>Gr\u00f6ssere Gruppen k\u00f6nnen uns gerne anfragen mit eurem Wunschtermin zum Goldwaschen.<\/p>\n<p>Link zu unseren Goldwasch-Camps\u00a0<\/p>\n<p><a href=\"http:\/\/www.free-miners.ch\/index.php\/goldwaschen-schweiz\/goldwaschen-im-toesstal-bei-steg-im-chlital\/\n\">Link zu unserem Goldcamp im T\u00f6sstal<\/a><br \/>T\u00f6sstal bei Steg im Fuchslochbach\u00a0<br \/>R\u00fcti, Jona<br \/>Wetzikon Ch\u00e4mtnertobel<br \/>St. Gallen Goldach, Spicherschw\u00e4ndi<br \/>Thurgau<br \/>Indoor Show Goldwaschen<\/p>\n<p><a href=\"http:\/\/www.free-miners.ch\/index.php\/kursdaten\/\">Link zu den offene Kurs Daten <\/a><\/p>\n<hr \/>\n<div class=\"clear\">\u00a0<\/div>\n<div class=\"clear\">\n<p>Ausk\u00fcnfte und Buchungen:<br \/>\u201cGoldfinger-Zinni\u201d Markus Zinniker Goldwasch-Instruktor<br \/>Markus Zinniker 079 437 85 32 goldfingerzinni@bluewin.ch<\/p>\n<\/div>\n<div class=\"credits section-inner\">\u00a0<\/div>\n\n\n<p><\/p>\n","protected":false},"excerpt":{"rendered":"<p>Ein heute noch m\u00f6gliches Abenteuer In der Schweiz wird seit langem Gold gewaschen.F\u00fcr viel Goldw\u00e4scher ist nicht der Goldwert der Reiz dazu, sondern das Abenteuer Goldwaschen an sich in der Natur. Gold kennt mal als seltenes Metall, genau so ist es. Selten findet man beim Goldwaschen Gold-Nuggets, meisten Goldstaub oder eine kleine \u201ePrise\u201c Naturgold in [&hellip;]<\/p>\n","protected":false},"author":1,"featured_media":0,"parent":0,"menu_order":0,"comment_status":"closed","ping_status":"closed","template":"","meta":{"footnotes":""},"class_list":["post-1124","page","type-page","status-publish","hentry","post-preview"],"_links":{"self":[{"href":"http:\/\/www.free-miners.ch\/index.php\/wp-json\/wp\/v2\/pages\/1124","targetHints":{"allow":["GET"]}}],"collection":[{"href":"http:\/\/www.free-miners.ch\/index.php\/wp-json\/wp\/v2\/pages"}],"about":[{"href":"http:\/\/www.free-miners.ch\/index.php\/wp-json\/wp\/v2\/types\/page"}],"author":[{"embeddable":true,"href":"http:\/\/www.free-miners.ch\/index.php\/wp-json\/wp\/v2\/users\/1"}],"replies":[{"embeddable":true,"href":"http:\/\/www.free-miners.ch\/index.php\/wp-json\/wp\/v2\/comments?post=1124"}],"version-history":[{"count":5,"href":"http:\/\/www.free-miners.ch\/index.php\/wp-json\/wp\/v2\/pages\/1124\/revisions"}],"predecessor-version":[{"id":2425,"href":"http:\/\/www.free-miners.ch\/index.php\/wp-json\/wp\/v2\/pages\/1124\/revisions\/2425"}],"wp:attachment":[{"href":"http:\/\/www.free-miners.ch\/index.php\/wp-json\/wp\/v2\/media?parent=1124"}],"curies":[{"name":"wp","href":"https:\/\/api.w.org\/{rel}","templated":true}]}}