{"id":15,"date":"2016-05-26T12:39:46","date_gmt":"2016-05-26T10:39:46","guid":{"rendered":"http:\/\/www.free-miners.ch\/?page_id=15"},"modified":"2023-10-12T07:51:15","modified_gmt":"2023-10-12T05:51:15","slug":"ueber-uns","status":"publish","type":"page","link":"http:\/\/www.free-miners.ch\/index.php\/ueber-uns\/","title":{"rendered":"\u00dcber uns &#8211; Kontakt"},"content":{"rendered":"<p>Bei uns bist du goldrichtig, da wir seit 30 Jahren Goldwasch Erfahrung haben.<\/p>\n<p>Bist du interessiert an einem Goldwasch-Kurs oder auf der Suche nach Goldwasch-Equipment?<\/p>\n<p>\u00a0<\/p>\n<p>\u00a0<\/p>\n<p>Kurs Anmeldung\u00a0<\/p>\n<p>Kurs Anfragen werden nur schriftlich per Brief oder E-Mail beantworten.<\/p>\n<p>info@freeminers.ch<\/p>\n<p>goldfinger-zinni@bluewin.ch<\/p>\n<p>\u00a0<\/p>\n\n\n<\/p>\n<p>Markus Zinniker<\/p>\n<p>\n\n\n\n<\/p>\n<p>079 437 85 32<\/p>\n<p>\n\n\n\n<\/p>\n<p>goldfinger-zinni@bluewin.ch<\/p>\n<p>\n\n\n\n<\/p>\n<p><a href=\"http:\/\/www.goldfinger-zinni.ch\/\">www.goldfinger-zinni.ch<\/a><\/p>\n<p>\u00a0<\/p>\n\n<figure class=\"wp-block-image\"><img loading=\"lazy\" decoding=\"async\" width=\"1024\" height=\"629\" src=\"http:\/\/www.free-miners.ch\/wp-content\/uploads\/2021\/07\/Bild_2021-07-20_193700-1024x629.png\" alt=\"\" class=\"wp-image-1630\" srcset=\"http:\/\/www.free-miners.ch\/wp-content\/uploads\/2021\/07\/Bild_2021-07-20_193700-1024x629.png 1024w, http:\/\/www.free-miners.ch\/wp-content\/uploads\/2021\/07\/Bild_2021-07-20_193700-600x368.png 600w, http:\/\/www.free-miners.ch\/wp-content\/uploads\/2021\/07\/Bild_2021-07-20_193700-300x184.png 300w, http:\/\/www.free-miners.ch\/wp-content\/uploads\/2021\/07\/Bild_2021-07-20_193700-768x471.png 768w, http:\/\/www.free-miners.ch\/wp-content\/uploads\/2021\/07\/Bild_2021-07-20_193700-676x415.png 676w\" sizes=\"auto, (max-width: 1024px) 100vw, 1024px\" \/><\/figure>\n\n\n<p>Markus Zinniker<\/p>\n\n\n<p>Ca. 1987 habe ich \u00fcbers Goldwaschen in der Schweiz erfahren. Das hat mich fasziniert. Kurze Zeit sp\u00e4ter suchte ich mein eigenes Gl\u00fcck&#8230; <br>Auch in Kanada war ich mehrmals Goldwaschen.<\/p>\n\n\n<p>Fotos hier:<\/p>\n\n\n<p><br><\/p>\n\n\n<figure class=\"wp-block-embed-youtube wp-block-embed is-type-video is-provider-youtube wp-embed-aspect-16-9 wp-has-aspect-ratio\"><div class=\"wp-block-embed__wrapper\">\n<iframe loading=\"lazy\" title=\"DIA Show  Goldwaschen in der Schweiz 1\" width=\"676\" height=\"380\" src=\"https:\/\/www.youtube.com\/embed\/Xb3nLPug-Ec?feature=oembed\" frameborder=\"0\" allow=\"accelerometer; autoplay; clipboard-write; encrypted-media; gyroscope; picture-in-picture; web-share\" allowfullscreen><\/iframe>\n<\/div><\/figure>\n\n\n<figure class=\"wp-block-embed-youtube wp-block-embed is-type-video is-provider-youtube wp-embed-aspect-16-9 wp-has-aspect-ratio\"><div class=\"wp-block-embed__wrapper\">\n<iframe loading=\"lazy\" title=\"DIA-SHOW - YUKON GOLD - Canada 1\" width=\"676\" height=\"380\" src=\"https:\/\/www.youtube.com\/embed\/njXHnuQpzLY?feature=oembed\" frameborder=\"0\" allow=\"accelerometer; autoplay; clipboard-write; encrypted-media; gyroscope; picture-in-picture; web-share\" allowfullscreen><\/iframe>\n<\/div><\/figure>\n\n\n<p><\/p>\n\n\n<p>:<\/p>\n\n\n<p><\/p>\n\n\n<p><\/p>\n\n\n<p><\/p>\n\n\n<p>Timon M\u00fcller<\/p>\n\n\n<p><\/p>\n\n\n<p>Schon in meiner Kindheit habe ich erfahren das man in der Schweiz Goldwaschen kann. Das hat mich schon fr\u00fch interessiert und fasziniert.<\/p>\n\n\n<p>2012 habe ich bei einem Goldwasch Kurs bei Markus (Goldfinger-Zinni) teilgenommen und sofort hat mich das Goldfieber gepackt.<\/p>\n\n\n<p>Mit Markus war ich auch in Serbien Goldwaschen.<\/p>\n\n\n<p><\/p>\n\n\n<figure class=\"wp-block-image\"><img decoding=\"async\" src=\"blob:http:\/\/www.free-miners.ch\/ff712392-8459-4d20-8510-6fd0d4b1a528\" alt=\"\"\/><\/figure>\n\n\n<p><\/p>\n\n\n<p><\/p>\n\n\n<p><\/p>\n\n\n<p>Kontakt<\/p>\n\n\n<p>goldfinger-zinni@bluewin.ch    &#8211;   Markus           Kursbuchung \/ Kurs Anfrage  <\/p>\n\n\n<p>info@free-miner.ch                      &#8211;   Timon            Website, Fotos, Videos    <\/p>\n\n\n<p>  <\/p>\n\n\n<h2 class=\"wp-block-heading\"><\/h2>\n\n\n<p><\/p>\n\n\n<p><\/p>\n\n\n<p>Unsere Kunden<\/p>\n\n\n<p>Google, Fielmann, ServX, knapp 100 verschiedene Schulen und viele weitere zufriedene Goldwasch Kursteilnehme&#8230;<\/p>\n\n\n<p><\/p>\n\n\n<p>           <\/p>\n\n<p><!--EndFragment--><\/p>\n<p><\/p>\n","protected":false},"excerpt":{"rendered":"<p>Bei uns bist du goldrichtig, da wir seit 30 Jahren Goldwasch Erfahrung haben. Bist du interessiert an einem Goldwasch-Kurs oder auf der Suche nach Goldwasch-Equipment? \u00a0 \u00a0 Kurs Anmeldung\u00a0 Kurs Anfragen werden nur schriftlich per Brief oder E-Mail beantworten. info@freeminers.ch goldfinger-zinni@bluewin.ch \u00a0 Markus Zinniker 079 437 85 32 goldfinger-zinni@bluewin.ch<\/p>\n","protected":false},"author":1,"featured_media":0,"parent":0,"menu_order":0,"comment_status":"closed","ping_status":"closed","template":"","meta":{"footnotes":""},"class_list":["post-15","page","type-page","status-publish","hentry","post-preview"],"_links":{"self":[{"href":"http:\/\/www.free-miners.ch\/index.php\/wp-json\/wp\/v2\/pages\/15","targetHints":{"allow":["GET"]}}],"collection":[{"href":"http:\/\/www.free-miners.ch\/index.php\/wp-json\/wp\/v2\/pages"}],"about":[{"href":"http:\/\/www.free-miners.ch\/index.php\/wp-json\/wp\/v2\/types\/page"}],"author":[{"embeddable":true,"href":"http:\/\/www.free-miners.ch\/index.php\/wp-json\/wp\/v2\/users\/1"}],"replies":[{"embeddable":true,"href":"http:\/\/www.free-miners.ch\/index.php\/wp-json\/wp\/v2\/comments?post=15"}],"version-history":[{"count":13,"href":"http:\/\/www.free-miners.ch\/index.php\/wp-json\/wp\/v2\/pages\/15\/revisions"}],"predecessor-version":[{"id":2220,"href":"http:\/\/www.free-miners.ch\/index.php\/wp-json\/wp\/v2\/pages\/15\/revisions\/2220"}],"wp:attachment":[{"href":"http:\/\/www.free-miners.ch\/index.php\/wp-json\/wp\/v2\/media?parent=15"}],"curies":[{"name":"wp","href":"https:\/\/api.w.org\/{rel}","templated":true}]}}