{"id":1613,"date":"2021-05-21T23:34:26","date_gmt":"2021-05-21T21:34:26","guid":{"rendered":"http:\/\/www.free-miners.ch\/?page_id=1613"},"modified":"2023-10-12T17:27:42","modified_gmt":"2023-10-12T15:27:42","slug":"allgemeine-bedingungen-fuer-die-goldwasch-kurse","status":"publish","type":"page","link":"http:\/\/www.free-miners.ch\/index.php\/allgemeine-bedingungen-fuer-die-goldwasch-kurse\/","title":{"rendered":"Allgemeine Bedingungen f\u00fcr die Goldwasch-Kurse"},"content":{"rendered":"\n<p>Kurs Anmeldung Anfrage<\/p>\n\n\n\n<p>Kurs Anfragen werden nur schriftlich per Brief oder E-Mail beantworten.<\/p>\n\n\n\n<p>info@freeminers<\/p>\n\n\n\n<p>goldfinger-zinni@bluewin.ch<\/p>\n\n\n\n<p>Kursgeld<\/p>\n\n\n\n<p>Alle Preise verstehen sich in Schweizer Franken. Im Kursgeld nicht inbegriffen sind: Annulationskosten- und Reiseversicherung, Reisekosten, deine pers\u00f6nliche Ausgaben, Getr\u00e4nke und nicht speziell aufgef\u00fchrte Mahlzeiten.<\/p>\n\n\n\n<p>Anmeldung und Kursbest\u00e4tigung<\/p>\n\n\n\n<p>Deine Anmeldung muss schriftlich, per Brief oder per E-Mail erfolgen. Sie ist verbindlich. Gleichzeitig mit der Anmeldung erfolgt die Bezahlung des Kursgeldes bar oder per \u00dcberweisung. Infos zur Bank \u00fcberweisung senden wir mit der Offerte.<\/p>\n\n\n\n<p>Nach dem Eingang des Kursgeldes stellen wir Dir mit einer schriftlichen Kursbest\u00e4tigung die gew\u00fcnschten Kurspl\u00e4tze verbindlich zur Verf\u00fcgung. Die Kursbest\u00e4tigung gilt auch als Quittung. Ebenso erh\u00e4ltst Du eine Best\u00e4tigung f\u00fcr allf\u00e4llig reservierte Materialien sowie allf\u00e4llige von uns zu kaufende Lebensmittel.<\/p>\n\n\n\n<p>R\u00fccktrittsbedingungen<\/p>\n\n\n\n<p>Bei einem R\u00fccktritt von mehr als 30 Tagen vor Kursbeginn wird das volle Kursgeld zur\u00fcckerstattet, sofern durch den R\u00fccktritt die Mindestteilnehmerzahl nicht unterschritten wird.<\/p>\n\n\n\n<p>Bei einem R\u00fccktritt innerhalb von 30 bis 7 Tagen vor Kursbeginn werden 50% des Kursgeldes als Unkostendeckung verrechnet. Wenn durch einen R\u00fccktritt<\/p>\n\n\n\n<p>die Mindestanzahl der Teilnehmer unterschritten wird, ist der volle Betrag bis zum Erreichen der Mindestanzahl der Kursteilnehmer und 50% des Kursprei ses f\u00fcr die \u00fcbrigen abgemeldeten Kursteilnehmer zu entrichten.<\/p>\n\n\n\n<p>Bei einem R\u00fccktritt innerhalb von 7 Tagen vor Kursbeginn einem Kursabbruch oder einem Nichterscheinen erfolgt keine R\u00fcckerstattung des Kursgeldes.<\/p>\n\n\n\n<p>Kosten f\u00fcr auf Kundenwunsch get\u00e4tigte Eink\u00e4ufe werden immer voll verrech net. Kosten f\u00fcr reservierte Leihmaterialien werden verrechnet, wenn diese ander weitig h\u00e4tten vergeben werden k\u00f6nnen.<\/p>\n\n\n\n<p>Programm\u00e4nderungen \/ Terminverschiebungen<\/p>\n\n\n\n<p>Wir behalten uns das Recht vor, einen Kurstermin zu verschieben oder zu streichen. Trifft dies ein, sind wir bem\u00fcht, einen gleichwertigen Ersatztermin zu offerieren. An dernfalls werden bereits bezahlte Kursgeb\u00fchren zur\u00fcckerstattet. Weitergehende Er<\/p>\n\n\n\n<p>satzforderungen sind ausgeschlossen. Wir behalten uns auch das Recht vor, bei entsprechender Witterung das Kurspro<\/p>\n\n\n\n<p>gramm aus Sicherheitsgr\u00fcnden zu \u00e4ndern oder den Kurs abzubrechen. In diesem Fall kann keine R\u00fcckerstattung geltend gemacht werden. Schlechte Witterung oder Regen sind keine Gr\u00fcnde f\u00fcr einen Kursabbruch!<\/p>\n\n\n\n<p>Versicherung<\/p>\n\n\n\n<p>Die Versicherung (Haftpflicht-, Unfall-, Reise- und Annulationskosten-Versicherung) ist Sache der Teilnehmer. Die Veranstalter lehnen bei Sch\u00e4den an Personen oder Material jede Haftung ab.<\/p>\n","protected":false},"excerpt":{"rendered":"<p>Kurs Anmeldung Anfrage Kurs Anfragen werden nur schriftlich per Brief oder E-Mail beantworten. info@freeminers goldfinger-zinni@bluewin.ch Kursgeld Alle Preise verstehen sich in Schweizer Franken. Im Kursgeld nicht inbegriffen sind: Annulationskosten- und Reiseversicherung, Reisekosten, deine pers\u00f6nliche Ausgaben, Getr\u00e4nke und nicht speziell aufgef\u00fchrte Mahlzeiten. Anmeldung und Kursbest\u00e4tigung Deine Anmeldung muss schriftlich, per Brief oder per E-Mail erfolgen. Sie [&hellip;]<\/p>\n","protected":false},"author":1,"featured_media":0,"parent":0,"menu_order":0,"comment_status":"closed","ping_status":"closed","template":"","meta":{"footnotes":""},"class_list":["post-1613","page","type-page","status-publish","hentry","post-preview"],"_links":{"self":[{"href":"http:\/\/www.free-miners.ch\/index.php\/wp-json\/wp\/v2\/pages\/1613","targetHints":{"allow":["GET"]}}],"collection":[{"href":"http:\/\/www.free-miners.ch\/index.php\/wp-json\/wp\/v2\/pages"}],"about":[{"href":"http:\/\/www.free-miners.ch\/index.php\/wp-json\/wp\/v2\/types\/page"}],"author":[{"embeddable":true,"href":"http:\/\/www.free-miners.ch\/index.php\/wp-json\/wp\/v2\/users\/1"}],"replies":[{"embeddable":true,"href":"http:\/\/www.free-miners.ch\/index.php\/wp-json\/wp\/v2\/comments?post=1613"}],"version-history":[{"count":5,"href":"http:\/\/www.free-miners.ch\/index.php\/wp-json\/wp\/v2\/pages\/1613\/revisions"}],"predecessor-version":[{"id":2222,"href":"http:\/\/www.free-miners.ch\/index.php\/wp-json\/wp\/v2\/pages\/1613\/revisions\/2222"}],"wp:attachment":[{"href":"http:\/\/www.free-miners.ch\/index.php\/wp-json\/wp\/v2\/media?parent=1613"}],"curies":[{"name":"wp","href":"https:\/\/api.w.org\/{rel}","templated":true}]}}