{"id":1729,"date":"2022-02-16T23:17:54","date_gmt":"2022-02-16T22:17:54","guid":{"rendered":"http:\/\/www.free-miners.ch\/?page_id=1729"},"modified":"2025-04-25T07:59:37","modified_gmt":"2025-04-25T05:59:37","slug":"kristalle-edelsteine-suchen-wochenende","status":"publish","type":"page","link":"http:\/\/www.free-miners.ch\/index.php\/kristalle-edelsteine-suchen-wochenende\/","title":{"rendered":"Kristalle &amp; Edelsteine suchen  in Graub\u00fcnden 2025 am 29.-31. August"},"content":{"rendered":"\n<p>Sapphir, Rubin und Kristalle suchen im Misox, Graub\u00fcnden 2025<\/p>\n\n\n\n<p> Wochenende 29.-31. August <\/p>\n\n\n\n<p><\/p>\n\n\n\n<p>Kurspreise<\/p>\n\n\n\n<p>Erwachsen pro Person 220.- Sfr.<\/p>\n\n\n\n<p>Pro Kind 160.- Sfr.<\/p>\n\n\n\n<p><\/p>\n\n\n\n<p>\u00dcbernachtung in Eigenverantwortung<\/p>\n\n\n\n<p>Wir empfehlen das Hotel Santana<p> In Roveredo<\/p><\/p>\n\n\n\n<p>Erlebnis-Wochenende mit der Crew der Free-Miners.  <\/p>\n\n\n\n<p><br><\/p>\n\n\n\n<figure class=\"wp-block-gallery has-nested-images columns-default is-cropped wp-block-gallery-1 is-layout-flex wp-block-gallery-is-layout-flex\">\n<figure class=\"wp-block-image\"><img loading=\"lazy\" decoding=\"async\" width=\"955\" height=\"1024\" data-id=\"1742\" src=\"https:\/\/www.free-miners.ch\/wp-content\/uploads\/2022\/03\/DSC3737-955x1024.jpg\" alt=\"\" class=\"wp-image-1742\" srcset=\"http:\/\/www.free-miners.ch\/wp-content\/uploads\/2022\/03\/DSC3737-955x1024.jpg 955w, http:\/\/www.free-miners.ch\/wp-content\/uploads\/2022\/03\/DSC3737-600x644.jpg 600w, http:\/\/www.free-miners.ch\/wp-content\/uploads\/2022\/03\/DSC3737-280x300.jpg 280w, http:\/\/www.free-miners.ch\/wp-content\/uploads\/2022\/03\/DSC3737-768x824.jpg 768w, http:\/\/www.free-miners.ch\/wp-content\/uploads\/2022\/03\/DSC3737-676x725.jpg 676w, http:\/\/www.free-miners.ch\/wp-content\/uploads\/2022\/03\/DSC3737.jpg 1212w\" sizes=\"auto, (max-width: 955px) 100vw, 955px\" \/><\/figure>\n\n\n\n<figure class=\"wp-block-image\"><img loading=\"lazy\" decoding=\"async\" width=\"1024\" height=\"683\" data-id=\"1743\" src=\"https:\/\/www.free-miners.ch\/wp-content\/uploads\/2022\/03\/DSC3752-1024x683.jpg\" alt=\"\" class=\"wp-image-1743\" srcset=\"http:\/\/www.free-miners.ch\/wp-content\/uploads\/2022\/03\/DSC3752-1024x683.jpg 1024w, http:\/\/www.free-miners.ch\/wp-content\/uploads\/2022\/03\/DSC3752-600x400.jpg 600w, http:\/\/www.free-miners.ch\/wp-content\/uploads\/2022\/03\/DSC3752-300x200.jpg 300w, http:\/\/www.free-miners.ch\/wp-content\/uploads\/2022\/03\/DSC3752-768x512.jpg 768w, http:\/\/www.free-miners.ch\/wp-content\/uploads\/2022\/03\/DSC3752-676x451.jpg 676w, http:\/\/www.free-miners.ch\/wp-content\/uploads\/2022\/03\/DSC3752.jpg 1950w\" sizes=\"auto, (max-width: 1024px) 100vw, 1024px\" \/><\/figure>\n\n\n\n<figure class=\"wp-block-image\"><img loading=\"lazy\" decoding=\"async\" width=\"1024\" height=\"683\" data-id=\"1744\" src=\"https:\/\/www.free-miners.ch\/wp-content\/uploads\/2022\/03\/DSC3762-1024x683.jpg\" alt=\"\" class=\"wp-image-1744\" srcset=\"http:\/\/www.free-miners.ch\/wp-content\/uploads\/2022\/03\/DSC3762-1024x683.jpg 1024w, http:\/\/www.free-miners.ch\/wp-content\/uploads\/2022\/03\/DSC3762-600x400.jpg 600w, http:\/\/www.free-miners.ch\/wp-content\/uploads\/2022\/03\/DSC3762-300x200.jpg 300w, http:\/\/www.free-miners.ch\/wp-content\/uploads\/2022\/03\/DSC3762-768x512.jpg 768w, http:\/\/www.free-miners.ch\/wp-content\/uploads\/2022\/03\/DSC3762-676x451.jpg 676w, http:\/\/www.free-miners.ch\/wp-content\/uploads\/2022\/03\/DSC3762.jpg 1950w\" sizes=\"auto, (max-width: 1024px) 100vw, 1024px\" \/><\/figure>\n\n\n\n<figure class=\"wp-block-image\"><img loading=\"lazy\" decoding=\"async\" width=\"1024\" height=\"683\" data-id=\"1745\" src=\"https:\/\/www.free-miners.ch\/wp-content\/uploads\/2022\/03\/DSC3771-1024x683.jpg\" alt=\"\" class=\"wp-image-1745\" srcset=\"http:\/\/www.free-miners.ch\/wp-content\/uploads\/2022\/03\/DSC3771-1024x683.jpg 1024w, http:\/\/www.free-miners.ch\/wp-content\/uploads\/2022\/03\/DSC3771-600x400.jpg 600w, http:\/\/www.free-miners.ch\/wp-content\/uploads\/2022\/03\/DSC3771-300x200.jpg 300w, http:\/\/www.free-miners.ch\/wp-content\/uploads\/2022\/03\/DSC3771-768x512.jpg 768w, http:\/\/www.free-miners.ch\/wp-content\/uploads\/2022\/03\/DSC3771-676x451.jpg 676w, http:\/\/www.free-miners.ch\/wp-content\/uploads\/2022\/03\/DSC3771.jpg 1950w\" sizes=\"auto, (max-width: 1024px) 100vw, 1024px\" \/><\/figure>\n\n\n\n<figure class=\"wp-block-image\"><img loading=\"lazy\" decoding=\"async\" width=\"1024\" height=\"683\" data-id=\"1752\" src=\"https:\/\/www.free-miners.ch\/wp-content\/uploads\/2022\/03\/DSC3819-1024x683.jpg\" alt=\"\" class=\"wp-image-1752\" srcset=\"http:\/\/www.free-miners.ch\/wp-content\/uploads\/2022\/03\/DSC3819-1024x683.jpg 1024w, http:\/\/www.free-miners.ch\/wp-content\/uploads\/2022\/03\/DSC3819-600x400.jpg 600w, http:\/\/www.free-miners.ch\/wp-content\/uploads\/2022\/03\/DSC3819-300x200.jpg 300w, http:\/\/www.free-miners.ch\/wp-content\/uploads\/2022\/03\/DSC3819-768x512.jpg 768w, http:\/\/www.free-miners.ch\/wp-content\/uploads\/2022\/03\/DSC3819-676x451.jpg 676w, http:\/\/www.free-miners.ch\/wp-content\/uploads\/2022\/03\/DSC3819.jpg 1950w\" sizes=\"auto, (max-width: 1024px) 100vw, 1024px\" \/><\/figure>\n\n\n\n<figure class=\"wp-block-image\"><img loading=\"lazy\" decoding=\"async\" width=\"1024\" height=\"683\" data-id=\"1753\" src=\"https:\/\/www.free-miners.ch\/wp-content\/uploads\/2022\/03\/DSC3822-1024x683.jpg\" alt=\"\" class=\"wp-image-1753\" srcset=\"http:\/\/www.free-miners.ch\/wp-content\/uploads\/2022\/03\/DSC3822-1024x683.jpg 1024w, http:\/\/www.free-miners.ch\/wp-content\/uploads\/2022\/03\/DSC3822-600x400.jpg 600w, http:\/\/www.free-miners.ch\/wp-content\/uploads\/2022\/03\/DSC3822-300x200.jpg 300w, http:\/\/www.free-miners.ch\/wp-content\/uploads\/2022\/03\/DSC3822-768x512.jpg 768w, http:\/\/www.free-miners.ch\/wp-content\/uploads\/2022\/03\/DSC3822-676x451.jpg 676w, http:\/\/www.free-miners.ch\/wp-content\/uploads\/2022\/03\/DSC3822.jpg 1950w\" sizes=\"auto, (max-width: 1024px) 100vw, 1024px\" \/><\/figure>\n<\/figure>\n\n\n\n<p><\/p>\n\n\n\n<p><\/p>\n\n\n\n<p><\/p>\n\n\n\n<figure class=\"wp-block-gallery has-nested-images columns-default is-cropped wp-block-gallery-2 is-layout-flex wp-block-gallery-is-layout-flex\">\n<figure class=\"wp-block-image\"><img loading=\"lazy\" decoding=\"async\" width=\"1024\" height=\"683\" data-id=\"1746\" src=\"https:\/\/www.free-miners.ch\/wp-content\/uploads\/2022\/03\/DSC3823-1024x683.jpg\" alt=\"\" class=\"wp-image-1746\" srcset=\"http:\/\/www.free-miners.ch\/wp-content\/uploads\/2022\/03\/DSC3823-1024x683.jpg 1024w, http:\/\/www.free-miners.ch\/wp-content\/uploads\/2022\/03\/DSC3823-600x400.jpg 600w, http:\/\/www.free-miners.ch\/wp-content\/uploads\/2022\/03\/DSC3823-300x200.jpg 300w, http:\/\/www.free-miners.ch\/wp-content\/uploads\/2022\/03\/DSC3823-768x512.jpg 768w, http:\/\/www.free-miners.ch\/wp-content\/uploads\/2022\/03\/DSC3823-676x451.jpg 676w, http:\/\/www.free-miners.ch\/wp-content\/uploads\/2022\/03\/DSC3823.jpg 1950w\" sizes=\"auto, (max-width: 1024px) 100vw, 1024px\" \/><\/figure>\n\n\n\n<figure class=\"wp-block-image\"><img loading=\"lazy\" decoding=\"async\" width=\"1024\" height=\"683\" data-id=\"1747\" src=\"https:\/\/www.free-miners.ch\/wp-content\/uploads\/2022\/03\/DSC3826-1024x683.jpg\" alt=\"\" class=\"wp-image-1747\" srcset=\"http:\/\/www.free-miners.ch\/wp-content\/uploads\/2022\/03\/DSC3826-1024x683.jpg 1024w, http:\/\/www.free-miners.ch\/wp-content\/uploads\/2022\/03\/DSC3826-600x400.jpg 600w, http:\/\/www.free-miners.ch\/wp-content\/uploads\/2022\/03\/DSC3826-300x200.jpg 300w, http:\/\/www.free-miners.ch\/wp-content\/uploads\/2022\/03\/DSC3826-768x512.jpg 768w, http:\/\/www.free-miners.ch\/wp-content\/uploads\/2022\/03\/DSC3826-676x451.jpg 676w, http:\/\/www.free-miners.ch\/wp-content\/uploads\/2022\/03\/DSC3826.jpg 1950w\" sizes=\"auto, (max-width: 1024px) 100vw, 1024px\" \/><\/figure>\n\n\n\n<figure class=\"wp-block-image\"><img loading=\"lazy\" decoding=\"async\" width=\"1024\" height=\"659\" data-id=\"1748\" src=\"https:\/\/www.free-miners.ch\/wp-content\/uploads\/2022\/03\/DSC3832--1024x659.jpg\" alt=\"\" class=\"wp-image-1748\" srcset=\"http:\/\/www.free-miners.ch\/wp-content\/uploads\/2022\/03\/DSC3832--1024x659.jpg 1024w, http:\/\/www.free-miners.ch\/wp-content\/uploads\/2022\/03\/DSC3832--600x386.jpg 600w, http:\/\/www.free-miners.ch\/wp-content\/uploads\/2022\/03\/DSC3832--300x193.jpg 300w, http:\/\/www.free-miners.ch\/wp-content\/uploads\/2022\/03\/DSC3832--768x495.jpg 768w, http:\/\/www.free-miners.ch\/wp-content\/uploads\/2022\/03\/DSC3832--676x435.jpg 676w, http:\/\/www.free-miners.ch\/wp-content\/uploads\/2022\/03\/DSC3832-.jpg 2019w\" sizes=\"auto, (max-width: 1024px) 100vw, 1024px\" \/><\/figure>\n\n\n\n<figure class=\"wp-block-image\"><img loading=\"lazy\" decoding=\"async\" width=\"1024\" height=\"683\" data-id=\"1749\" src=\"https:\/\/www.free-miners.ch\/wp-content\/uploads\/2022\/03\/DSC3837-1024x683.jpg\" alt=\"\" class=\"wp-image-1749\" srcset=\"http:\/\/www.free-miners.ch\/wp-content\/uploads\/2022\/03\/DSC3837-1024x683.jpg 1024w, http:\/\/www.free-miners.ch\/wp-content\/uploads\/2022\/03\/DSC3837-600x400.jpg 600w, http:\/\/www.free-miners.ch\/wp-content\/uploads\/2022\/03\/DSC3837-300x200.jpg 300w, http:\/\/www.free-miners.ch\/wp-content\/uploads\/2022\/03\/DSC3837-768x512.jpg 768w, http:\/\/www.free-miners.ch\/wp-content\/uploads\/2022\/03\/DSC3837-676x451.jpg 676w, http:\/\/www.free-miners.ch\/wp-content\/uploads\/2022\/03\/DSC3837.jpg 1950w\" sizes=\"auto, (max-width: 1024px) 100vw, 1024px\" \/><\/figure>\n\n\n\n<figure class=\"wp-block-image\"><img loading=\"lazy\" decoding=\"async\" width=\"1024\" height=\"683\" data-id=\"1750\" src=\"https:\/\/www.free-miners.ch\/wp-content\/uploads\/2022\/03\/DSC3846-1024x683.jpg\" alt=\"\" class=\"wp-image-1750\" srcset=\"http:\/\/www.free-miners.ch\/wp-content\/uploads\/2022\/03\/DSC3846-1024x683.jpg 1024w, http:\/\/www.free-miners.ch\/wp-content\/uploads\/2022\/03\/DSC3846-600x400.jpg 600w, http:\/\/www.free-miners.ch\/wp-content\/uploads\/2022\/03\/DSC3846-300x200.jpg 300w, http:\/\/www.free-miners.ch\/wp-content\/uploads\/2022\/03\/DSC3846-768x512.jpg 768w, http:\/\/www.free-miners.ch\/wp-content\/uploads\/2022\/03\/DSC3846-676x451.jpg 676w, http:\/\/www.free-miners.ch\/wp-content\/uploads\/2022\/03\/DSC3846.jpg 1950w\" sizes=\"auto, (max-width: 1024px) 100vw, 1024px\" \/><\/figure>\n\n\n\n<figure class=\"wp-block-image\"><img decoding=\"async\" data-id=\"1751\" src=\"https:\/\/www.free-miners.ch\/wp-content\/uploads\/2022\/03\/DSC3854-1024x683.jpg\" alt=\"\" class=\"wp-image-1751\"\/><\/figure>\n<\/figure>\n\n\n\n<p>F\u00fcr unser Abenteuer Kristallsuche Wochenende haben wir eine spannende Auswahl an Vortr\u00e4gen f\u00fcr dich vorbereitet. Die Themen erstrecken sich von der Schweiz \u00fcber \u00d6sterreich bis hin nach Kanada und werden dich auf jeden Fall begeistern. Unsere Referenten haben in ihren jeweiligen Gebieten jahrelange Erfahrung gesammelt und freuen sich darauf, ihr Wissen mit dir zu teilen.<\/p>\n\n\n\n<p>Nach einem aufregenden Tag kannst du im Hotel Santana entspannen und dich auf eine angenehme Nacht freuen. <\/p>\n\n\n\n<p>Das Fr\u00fchst\u00fcck steht am morgen fr\u00fch bereit. Nach dem gem\u00fctlichen Fr\u00fchst\u00fcck beginnt die Steinsuche.<\/p>\n\n\n\n<p>Eines der Highlights des Abenteuer Kristallsuche Wochenendes ist die M\u00f6glichkeit, Edelsteine und Kristalle zu suchen und Gold zu waschen. Wir stellen dir das notwendige Werkzeug zur Verf\u00fcgung, damit du diese einzigartige Erfahrung voll auskosten kannst. <\/p>\n\n\n\n<p>Wir sind uns sicher, dass du die Sch\u00f6nheit und Faszination dieser seltenen und wertvollen Steine entdecken wirst.<\/p>\n\n\n\n<p>Das Abenteuer Kristallsuche Wochenende endet gegen 16:00 Uhr und wir hoffen, dass du viele unvergessliche Erinnerungen mit nach Hause nehmen wirst. Wir freuen uns darauf, dich bald bei uns begr\u00fc\u00dfen zu <p>d\u00fcrfen!<\/p><\/p>\n\n\n\n<p><\/p>\n\n\n\n<p><\/p>\n\n\n<h2 id=\"mce_40\" class=\"editor-rich-text__tinymce mce-content-body\" role=\"textbox\" contenteditable=\"true\" aria-label=\"Schreibe \u00dcberschrift\u2026\" aria-autocomplete=\"list\" aria-multiline=\"true\" data-is-placeholder-visible=\"false\">Ablauf<\/h2>\n<p><strong>Treffpunkt<\/strong> Vormittags in Roveredo beim Hotel Santana, oder am Abend zuvor (\u00dcbernachtung &amp; Nachtessen selber reservieren)<\/p>\n<p><strong>Begr\u00fcssung<\/strong><\/p>\n<p><strong>Zimmer beziehen<\/strong><\/p>\n<p><strong>Edelsteine + Kristalle suchen &amp; Goldwaschen<\/strong> &#8211; Nach der Einf\u00fchrung, geben wir dir Werkzeug f\u00fcr deine eigene Kristallsuche. Bei Fragen sind wir in der N\u00e4he.<\/p>\n<p><strong>Mittagessen aus dem Rucksack <\/strong>&#8211; jeder ist selber verantwortlich f\u00fcr die Verpflegung.<\/p>\n<p><strong>Optional Nachtessen im Hotel Santana<\/strong> &#8211; gediegenes Abendessen mit 3 Gang Menu&nbsp;<\/p>\n<p><strong>Abendprogramm<\/strong> &#8211; wir haben verschiedene Vortr\u00e4ge \u00fcber <br \/>Schweiz, \u00d6sterreich &amp; Kanada, die wir euch pr\u00e4sentieren k\u00f6nnen.<\/p>\n<p><strong>\u00dcbernachten<\/strong> im Hotel Santana<\/p>\n<p><strong>Morgenessen<\/strong> ab 5.00 Uhr m\u00f6glich&nbsp; -Fr\u00fchst\u00fcck vom Buffett mit Brot, Toast, Eier zum selber Kochen, M\u00fcesli, Fr\u00fcchte, Joghurt, Tee, Kaffee<\/p>\n<p><strong>Edelsteine + Kristalle suchen &amp; Goldwaschen<\/strong><\/p>\n<p>Ca 16:00 Ende des Abenteuer Kristallsuche Wochenende<\/p>\n<\/p>\n\n\n<figure class=\"wp-block-gallery has-nested-images columns-default is-cropped wp-block-gallery-3 is-layout-flex wp-block-gallery-is-layout-flex\">\n<figure class=\"wp-block-image\"><img loading=\"lazy\" decoding=\"async\" width=\"1024\" height=\"683\" data-id=\"1754\" src=\"https:\/\/www.free-miners.ch\/wp-content\/uploads\/2022\/03\/DSC3790-1024x683.jpg\" alt=\"\" class=\"wp-image-1754\" srcset=\"http:\/\/www.free-miners.ch\/wp-content\/uploads\/2022\/03\/DSC3790-1024x683.jpg 1024w, http:\/\/www.free-miners.ch\/wp-content\/uploads\/2022\/03\/DSC3790-600x400.jpg 600w, http:\/\/www.free-miners.ch\/wp-content\/uploads\/2022\/03\/DSC3790-300x200.jpg 300w, http:\/\/www.free-miners.ch\/wp-content\/uploads\/2022\/03\/DSC3790-768x512.jpg 768w, http:\/\/www.free-miners.ch\/wp-content\/uploads\/2022\/03\/DSC3790-676x451.jpg 676w, http:\/\/www.free-miners.ch\/wp-content\/uploads\/2022\/03\/DSC3790.jpg 1950w\" sizes=\"auto, (max-width: 1024px) 100vw, 1024px\" \/><\/figure>\n\n\n\n<figure class=\"wp-block-image\"><img loading=\"lazy\" decoding=\"async\" width=\"1024\" height=\"683\" data-id=\"1756\" src=\"https:\/\/www.free-miners.ch\/wp-content\/uploads\/2022\/03\/DSC3795-1024x683.jpg\" alt=\"\" class=\"wp-image-1756\" srcset=\"http:\/\/www.free-miners.ch\/wp-content\/uploads\/2022\/03\/DSC3795-1024x683.jpg 1024w, http:\/\/www.free-miners.ch\/wp-content\/uploads\/2022\/03\/DSC3795-600x400.jpg 600w, http:\/\/www.free-miners.ch\/wp-content\/uploads\/2022\/03\/DSC3795-300x200.jpg 300w, http:\/\/www.free-miners.ch\/wp-content\/uploads\/2022\/03\/DSC3795-768x512.jpg 768w, http:\/\/www.free-miners.ch\/wp-content\/uploads\/2022\/03\/DSC3795-676x451.jpg 676w, http:\/\/www.free-miners.ch\/wp-content\/uploads\/2022\/03\/DSC3795.jpg 1950w\" sizes=\"auto, (max-width: 1024px) 100vw, 1024px\" \/><\/figure>\n\n\n\n<figure class=\"wp-block-image\"><img loading=\"lazy\" decoding=\"async\" width=\"1024\" height=\"683\" data-id=\"1757\" src=\"https:\/\/www.free-miners.ch\/wp-content\/uploads\/2022\/03\/DSC3799-1024x683.jpg\" alt=\"\" class=\"wp-image-1757\" srcset=\"http:\/\/www.free-miners.ch\/wp-content\/uploads\/2022\/03\/DSC3799-1024x683.jpg 1024w, http:\/\/www.free-miners.ch\/wp-content\/uploads\/2022\/03\/DSC3799-600x400.jpg 600w, http:\/\/www.free-miners.ch\/wp-content\/uploads\/2022\/03\/DSC3799-300x200.jpg 300w, http:\/\/www.free-miners.ch\/wp-content\/uploads\/2022\/03\/DSC3799-768x512.jpg 768w, http:\/\/www.free-miners.ch\/wp-content\/uploads\/2022\/03\/DSC3799-676x451.jpg 676w, http:\/\/www.free-miners.ch\/wp-content\/uploads\/2022\/03\/DSC3799.jpg 1950w\" sizes=\"auto, (max-width: 1024px) 100vw, 1024px\" \/><\/figure>\n\n\n\n<figure class=\"wp-block-image\"><img loading=\"lazy\" decoding=\"async\" width=\"1024\" height=\"683\" data-id=\"1758\" src=\"https:\/\/www.free-miners.ch\/wp-content\/uploads\/2022\/03\/DSC3802-1024x683.jpg\" alt=\"\" class=\"wp-image-1758\" srcset=\"http:\/\/www.free-miners.ch\/wp-content\/uploads\/2022\/03\/DSC3802-1024x683.jpg 1024w, http:\/\/www.free-miners.ch\/wp-content\/uploads\/2022\/03\/DSC3802-600x400.jpg 600w, http:\/\/www.free-miners.ch\/wp-content\/uploads\/2022\/03\/DSC3802-300x200.jpg 300w, http:\/\/www.free-miners.ch\/wp-content\/uploads\/2022\/03\/DSC3802-768x512.jpg 768w, http:\/\/www.free-miners.ch\/wp-content\/uploads\/2022\/03\/DSC3802-676x451.jpg 676w, http:\/\/www.free-miners.ch\/wp-content\/uploads\/2022\/03\/DSC3802.jpg 1950w\" sizes=\"auto, (max-width: 1024px) 100vw, 1024px\" \/><\/figure>\n\n\n\n<figure class=\"wp-block-image\"><img loading=\"lazy\" decoding=\"async\" width=\"1024\" height=\"683\" data-id=\"1759\" src=\"https:\/\/www.free-miners.ch\/wp-content\/uploads\/2022\/03\/DSC3810--1024x683.jpg\" alt=\"\" class=\"wp-image-1759\" srcset=\"http:\/\/www.free-miners.ch\/wp-content\/uploads\/2022\/03\/DSC3810--1024x683.jpg 1024w, http:\/\/www.free-miners.ch\/wp-content\/uploads\/2022\/03\/DSC3810--600x400.jpg 600w, http:\/\/www.free-miners.ch\/wp-content\/uploads\/2022\/03\/DSC3810--300x200.jpg 300w, http:\/\/www.free-miners.ch\/wp-content\/uploads\/2022\/03\/DSC3810--768x512.jpg 768w, http:\/\/www.free-miners.ch\/wp-content\/uploads\/2022\/03\/DSC3810--676x451.jpg 676w, http:\/\/www.free-miners.ch\/wp-content\/uploads\/2022\/03\/DSC3810-.jpg 1950w\" sizes=\"auto, (max-width: 1024px) 100vw, 1024px\" \/><\/figure>\n<\/figure>\n\n\n<p><!--EndFragment--><\/p>\n<p><b>Das Angebot f\u00fcr ein Abenteuer und eine Schatzsuche im Hotel Santana steht dir im Zeitraum zwischen Sommer und Herbst zur Verf\u00fcgung<\/b><\/p>\n<p><b>Die Umgebung des Hotels ist perfekt f\u00fcr diese Aktivit\u00e4ten geeignet, inmitten der Natur, Berge sowie auch ein nat\u00fcrliches Strandbad.<\/b><\/p>\n<p><b style=\"font-size: revert; color: initial;\">\u00a0<\/b><\/p>\n<p><b style=\"font-size: revert; color: initial;\">Die \u00dcbernachtung sowie Abendessen sind nicht in den Kurskosten inklusive.<\/b><\/p>\n<p><b style=\"font-size: revert; color: initial;\">2 Tag\u00a0 Wochenend Kurs<\/b><\/p>\n<p>Erwachsen je 220.- SFr. f\u00fcr 2 Tage (1 Tag f\u00fcr 110.- SFr.)<\/p>\n<p>Kind je 160.- SFr. f\u00fcr 2 Tage (1 Tag f\u00fcr 80.- SFr.)<\/p>\n<p><b style=\"font-size: revert; color: initial;\">Um das Abenteuer in vollen Z\u00fcgen geniessen zu k\u00f6nnen, solltest du passende Kleidung mitbringen, die dich vor Regen sch\u00fctzt, sowie Wanderschuhe oder -stiefel. Es w\u00e4re auch empfehlenswert, etwas zu knabbern und trinken f\u00fcr zwischen durch mitzunehmen.<\/b><\/p>\n<p><b style=\"font-size: revert; color: initial;\">\u00a0<\/b><\/p>\n<p><b style=\"font-size: revert; color: initial;\">Das Angebot beinhaltet Werkzeug, dass du f\u00fcr das Goldwaschen und die Suche nach Kristallen und Edelsteinen verwenden kannst.<\/b><\/p>\n<p><b style=\"font-size: revert; color: initial;\">\u00a0<\/b><\/p>\n<p><b style=\"font-size: revert; color: initial;\">Falls du bereits an einem Kurs zur Suche nach Steinen oder Kristallen teilgenommen hast, freuen wir uns, wenn du deine Erfahrungen mit uns teilen k\u00f6nntest. <\/b><\/p>\n<p><b style=\"font-size: revert; color: initial;\">Hier ist der Link, um deine Bewertung abzugeben: <a href=\"https:\/\/g.page\/r\/CW9v-4MbnRr8ECA\/revi\">https:\/\/g.page\/r\/CW9v-4MbnRr8ECA\/revi<\/a><\/b><\/p>\n<p><b style=\"font-size: revert; color: initial;\">\u00a0<\/b><\/p>\n\n\n<p><\/p>\n","protected":false},"excerpt":{"rendered":"<p>Sapphir, Rubin und Kristalle suchen im Misox, Graub\u00fcnden 2025 Wochenende 29.-31. August Kurspreise Erwachsen pro Person 220.- Sfr. Pro Kind 160.- Sfr. \u00dcbernachtung in Eigenverantwortung Wir empfehlen das Hotel Santana In Roveredo Erlebnis-Wochenende mit der Crew der Free-Miners. F\u00fcr unser Abenteuer Kristallsuche Wochenende haben wir eine spannende Auswahl an Vortr\u00e4gen f\u00fcr dich vorbereitet. Die Themen [&hellip;]<\/p>\n","protected":false},"author":1,"featured_media":0,"parent":0,"menu_order":0,"comment_status":"closed","ping_status":"closed","template":"","meta":{"footnotes":""},"class_list":["post-1729","page","type-page","status-publish","hentry","post-preview"],"_links":{"self":[{"href":"http:\/\/www.free-miners.ch\/index.php\/wp-json\/wp\/v2\/pages\/1729","targetHints":{"allow":["GET"]}}],"collection":[{"href":"http:\/\/www.free-miners.ch\/index.php\/wp-json\/wp\/v2\/pages"}],"about":[{"href":"http:\/\/www.free-miners.ch\/index.php\/wp-json\/wp\/v2\/types\/page"}],"author":[{"embeddable":true,"href":"http:\/\/www.free-miners.ch\/index.php\/wp-json\/wp\/v2\/users\/1"}],"replies":[{"embeddable":true,"href":"http:\/\/www.free-miners.ch\/index.php\/wp-json\/wp\/v2\/comments?post=1729"}],"version-history":[{"count":28,"href":"http:\/\/www.free-miners.ch\/index.php\/wp-json\/wp\/v2\/pages\/1729\/revisions"}],"predecessor-version":[{"id":2349,"href":"http:\/\/www.free-miners.ch\/index.php\/wp-json\/wp\/v2\/pages\/1729\/revisions\/2349"}],"wp:attachment":[{"href":"http:\/\/www.free-miners.ch\/index.php\/wp-json\/wp\/v2\/media?parent=1729"}],"curies":[{"name":"wp","href":"https:\/\/api.w.org\/{rel}","templated":true}]}}