{"id":2350,"date":"2025-04-25T08:05:26","date_gmt":"2025-04-25T06:05:26","guid":{"rendered":"https:\/\/www.free-miners.ch\/?page_id=2350"},"modified":"2025-04-25T08:11:03","modified_gmt":"2025-04-25T06:11:03","slug":"goldwaschen-in-den-bergen-bei-disentis-graubuenden","status":"publish","type":"page","link":"http:\/\/www.free-miners.ch\/index.php\/goldwaschen-in-den-bergen-bei-disentis-graubuenden\/","title":{"rendered":"Goldwaschen In den Bergen bei Disentis, Graub\u00fcnden"},"content":{"rendered":"\n<p>Disentis Goldwasch Wochenende 22.-24.08.2025<\/p>\n\n\n\n<p>Wir sind am 22.08.2024 Freitags Abend schon im Hotel Furka.<\/p>\n\n\n\n<p>Am Samstag Morgen um ca. 09:00 Uhr geht es los.Goldwaschen in der Surselva Rheinschlucht bei Disentis mit Schaufel, Goldwaschenkanal und Goldwaschpfanne.<\/p>\n\n\n\n<p>Wir haben das Equipment zum Goldwaschen und zeigen euch Schritt f\u00fcr Schritt wie wir das Gold finden.<\/p>\n\n\n\n<p>Gummistiefel selber mitbringen<\/p>\n\n\n\n<p>Gummistiefel k\u00f6nnen auch gemietet werden, bitte vor reservieren.<\/p>\n\n\n\n<p>Kleine Gummistiefel Miete f\u00fcrs Wochenende 10.- Sfr.<\/p>\n\n\n\n<p>Grosse Gummistiefel Miete f\u00fcrs Wochenende 20.- Sfr<\/p>\n\n\n\n<p>Denn Abend geniessen wir unten auf dem Camp bei einem Lagerfeuer und k\u00f6nnen dazu auch Grillen gem\u00fctlich bis in die Nacht.<\/p>\n\n\n\n<p>Am Sonntag gehen wir nochmals zum Fluss in die Schlucht Goldwaschen,  so bis ca. 15.00 Uhr Goldwasche.<\/p>\n\n\n\n<p>Nach viel Goldwasch Abenteuer in der Natur verabschieden wir uns.<\/p>\n\n\n\n<p>Disentis Goldwasch-Wochenende Kurspreise<\/p>\n\n\n\n<p>Erwachsen pro Person 200.- Sfr.<\/p>\n\n\n\n<p>Pro Kind 150.- Sfr.<\/p>\n\n\n\n<p>\u00dcbernachtung in Eigenverantwortung<\/p>\n\n\n\n<p>Wir empfehlen Hotel Furka oder Camping Platz<\/p>\n\n\n\n<p>Wo?Campingplatz Disentis, Surselva Rheinschlucht<\/p>\n\n\n\n<p>Sei dabei und werde zum Goldw\u00e4scher! Begrenzte Pl\u00e4tze \u2013 melde dich jetzt an und sichere dir ein unvergessliches Wochenende.\ud83d\udd25 Gold, Natur &amp; Lagerfeuer-Romantik \u2013 das perfekte Wochenende!\ud83d\udd25<\/p>\n\n\n\n<p><\/p>\n\n\n\n<p><\/p>\n\n\n\n<p>Die Kurse finden an spektakul\u00e4ren Orten in den wilden Schweizer Bergen statt und sind ein unvergessliches Erlebnis.<\/p>\n\n\n\n<p><\/p>\n\n\n\n<p>Die genauen Daten k\u00f6nnen auf Anfrage angegeben werden, und ein Kurs dauert in der Regel von ca. 16 Uhr bis zum n\u00e4chsten Tag um ca. 16 Uhr.<\/p>\n\n\n\n<p>Wenn du m\u00f6chtest, k\u00f6nnen wir auch kleinere oder gr\u00f6ssere Extras ins Kursprogramm einfliessen lassen, um dein Erlebnis zu individualisieren.<\/p>\n\n\n\n<p>Normalerweise solltest du dein eigenes Mittagessen mitbringen, aber wenn du es w\u00fcnschst, k\u00f6nnen wir auch die ganze Verpflegung organisieren. <\/p>\n\n\n\n<p>Du solltest hohe Gummistiefel mitbringen (Fischer- oder Reitstiefel sind ideal), sowie Regenschutz, Ersatzkleidung (insbesondere Socken), gutes Schuhwerk, einen Schlafsack und ein Zelt, wenn n\u00f6tig.<\/p>\n\n\n\n<p>Die Kursorte Disentis und Obersaxen k\u00f6nnen auf Anfrage besucht werden und du kannst uns gerne unter goldfinger-zinni@bluewin.ch kontaktieren, um weitere Informationen zu erhalten.<\/p>\n\n\n\n<p><\/p>\n","protected":false},"excerpt":{"rendered":"<p>Disentis Goldwasch Wochenende 22.-24.08.2025 Wir sind am 22.08.2024 Freitags Abend schon im Hotel Furka. Am Samstag Morgen um ca. 09:00 Uhr geht es los.Goldwaschen in der Surselva Rheinschlucht bei Disentis mit Schaufel, Goldwaschenkanal und Goldwaschpfanne. Wir haben das Equipment zum Goldwaschen und zeigen euch Schritt f\u00fcr Schritt wie wir das Gold finden. Gummistiefel selber mitbringen [&hellip;]<\/p>\n","protected":false},"author":1,"featured_media":0,"parent":0,"menu_order":0,"comment_status":"closed","ping_status":"closed","template":"","meta":{"footnotes":""},"class_list":["post-2350","page","type-page","status-publish","hentry","post-preview"],"_links":{"self":[{"href":"http:\/\/www.free-miners.ch\/index.php\/wp-json\/wp\/v2\/pages\/2350","targetHints":{"allow":["GET"]}}],"collection":[{"href":"http:\/\/www.free-miners.ch\/index.php\/wp-json\/wp\/v2\/pages"}],"about":[{"href":"http:\/\/www.free-miners.ch\/index.php\/wp-json\/wp\/v2\/types\/page"}],"author":[{"embeddable":true,"href":"http:\/\/www.free-miners.ch\/index.php\/wp-json\/wp\/v2\/users\/1"}],"replies":[{"embeddable":true,"href":"http:\/\/www.free-miners.ch\/index.php\/wp-json\/wp\/v2\/comments?post=2350"}],"version-history":[{"count":4,"href":"http:\/\/www.free-miners.ch\/index.php\/wp-json\/wp\/v2\/pages\/2350\/revisions"}],"predecessor-version":[{"id":2354,"href":"http:\/\/www.free-miners.ch\/index.php\/wp-json\/wp\/v2\/pages\/2350\/revisions\/2354"}],"wp:attachment":[{"href":"http:\/\/www.free-miners.ch\/index.php\/wp-json\/wp\/v2\/media?parent=2350"}],"curies":[{"name":"wp","href":"https:\/\/api.w.org\/{rel}","templated":true}]}}